{"id":19,"date":"2013-01-31T09:05:08","date_gmt":"2013-01-31T08:05:08","guid":{"rendered":"http:\/\/www.mv-bernbach.de\/wordpress\/?page_id=19"},"modified":"2023-11-23T09:55:40","modified_gmt":"2023-11-23T08:55:40","slug":"dirigenten","status":"publish","type":"page","link":"https:\/\/www.mv-bernbach.de\/wordpress\/verein\/dirigenten\/","title":{"rendered":"Dirigenten"},"content":{"rendered":"\t\t<div data-elementor-type=\"wp-page\" data-elementor-id=\"19\" class=\"elementor elementor-19\">\n\t\t\t\t\t\t\t<div class=\"elementor-element elementor-element-2857ee8 e-con-boxed e-con\" data-id=\"2857ee8\" data-element_type=\"container\" data-settings=\"{&quot;background_background&quot;:&quot;classic&quot;,&quot;content_width&quot;:&quot;boxed&quot;}\">\n\t\t\t\t\t<div class=\"e-con-inner\">\n\t\t\t\t\t<\/div>\n\t\t\t\t<\/div>\n\t\t\t\t<section class=\"elementor-section elementor-top-section elementor-element elementor-element-1c28685d elementor-section-boxed elementor-section-height-default elementor-section-height-default\" data-id=\"1c28685d\" data-element_type=\"section\">\n\t\t\t\t\t\t<div class=\"elementor-container elementor-column-gap-default\">\n\t\t\t\t\t<div class=\"elementor-column elementor-col-100 elementor-top-column elementor-element elementor-element-773a113b\" data-id=\"773a113b\" data-element_type=\"column\">\n\t\t\t<div class=\"elementor-widget-wrap elementor-element-populated\">\n\t\t\t\t\t\t\t\t<div class=\"elementor-element elementor-element-e79d62a elementor-widget elementor-widget-spacer\" data-id=\"e79d62a\" data-element_type=\"widget\" data-widget_type=\"spacer.default\">\n\t\t\t\t<div class=\"elementor-widget-container\">\n\t\t\t<style>\/*! elementor - v3.9.2 - 21-12-2022 *\/\n.elementor-column .elementor-spacer-inner{height:var(--spacer-size)}.e-con{--container-widget-width:100%}.e-con-inner>.elementor-widget-spacer,.e-con>.elementor-widget-spacer{width:var(--container-widget-width,var(--spacer-size));--align-self:var(--container-widget-align-self,initial);--flex-shrink:0}.e-con-inner>.elementor-widget-spacer>.elementor-widget-container,.e-con-inner>.elementor-widget-spacer>.elementor-widget-container>.elementor-spacer,.e-con>.elementor-widget-spacer>.elementor-widget-container,.e-con>.elementor-widget-spacer>.elementor-widget-container>.elementor-spacer{height:100%}.e-con-inner>.elementor-widget-spacer>.elementor-widget-container>.elementor-spacer>.elementor-spacer-inner,.e-con>.elementor-widget-spacer>.elementor-widget-container>.elementor-spacer>.elementor-spacer-inner{height:var(--container-widget-height,var(--spacer-size))}<\/style>\t\t<div class=\"elementor-spacer\">\n\t\t\t<div class=\"elementor-spacer-inner\"><\/div>\n\t\t<\/div>\n\t\t\t\t<\/div>\n\t\t\t\t<\/div>\n\t\t\t\t<div class=\"elementor-element elementor-element-e88fcd1 elementor-widget elementor-widget-heading\" data-id=\"e88fcd1\" data-element_type=\"widget\" data-widget_type=\"heading.default\">\n\t\t\t\t<div class=\"elementor-widget-container\">\n\t\t\t<style>\/*! elementor - v3.9.2 - 21-12-2022 *\/\n.elementor-heading-title{padding:0;margin:0;line-height:1}.elementor-widget-heading .elementor-heading-title[class*=elementor-size-]>a{color:inherit;font-size:inherit;line-height:inherit}.elementor-widget-heading .elementor-heading-title.elementor-size-small{font-size:15px}.elementor-widget-heading .elementor-heading-title.elementor-size-medium{font-size:19px}.elementor-widget-heading .elementor-heading-title.elementor-size-large{font-size:29px}.elementor-widget-heading .elementor-heading-title.elementor-size-xl{font-size:39px}.elementor-widget-heading .elementor-heading-title.elementor-size-xxl{font-size:59px}<\/style><h2 class=\"elementor-heading-title elementor-size-xl\">Dirigenten<\/h2>\t\t<\/div>\n\t\t\t\t<\/div>\n\t\t\t\t<div class=\"elementor-element elementor-element-248d8e48 elementor-widget elementor-widget-text-editor\" data-id=\"248d8e48\" data-element_type=\"widget\" data-widget_type=\"text-editor.default\">\n\t\t\t\t<div class=\"elementor-widget-container\">\n\t\t\t<style>\/*! elementor - v3.9.2 - 21-12-2022 *\/\n.elementor-widget-text-editor.elementor-drop-cap-view-stacked .elementor-drop-cap{background-color:#818a91;color:#fff}.elementor-widget-text-editor.elementor-drop-cap-view-framed .elementor-drop-cap{color:#818a91;border:3px solid;background-color:transparent}.elementor-widget-text-editor:not(.elementor-drop-cap-view-default) .elementor-drop-cap{margin-top:8px}.elementor-widget-text-editor:not(.elementor-drop-cap-view-default) .elementor-drop-cap-letter{width:1em;height:1em}.elementor-widget-text-editor .elementor-drop-cap{float:left;text-align:center;line-height:1;font-size:50px}.elementor-widget-text-editor .elementor-drop-cap-letter{display:inline-block}<\/style>\t\t\t\t<figure id=\"attachment_837\" aria-describedby=\"caption-attachment-837\" style=\"width: 225px\" class=\"wp-caption alignleft\"><a href=\"http:\/\/www.mv-bernbach.de\/wordpress\/wp-content\/uploads\/2017-09-Foto-Dirigent.jpg\"><img decoding=\"async\" loading=\"lazy\" class=\"wp-image-837 size-medium\" src=\"http:\/\/www.mv-bernbach.de\/wordpress\/wp-content\/uploads\/2017-09-Foto-Dirigent-225x300.jpg\" alt=\"Dirigent Karsten Meier\" width=\"225\" height=\"300\" srcset=\"https:\/\/www.mv-bernbach.de\/wordpress\/wp-content\/uploads\/2017-09-Foto-Dirigent-225x300.jpg 225w, https:\/\/www.mv-bernbach.de\/wordpress\/wp-content\/uploads\/2017-09-Foto-Dirigent-768x1024.jpg 768w, https:\/\/www.mv-bernbach.de\/wordpress\/wp-content\/uploads\/2017-09-Foto-Dirigent.jpg 1200w\" sizes=\"(max-width: 225px) 100vw, 225px\" \/><\/a><figcaption id=\"caption-attachment-837\" class=\"wp-caption-text\">Dirigent Karsten Meier LMD<\/figcaption><\/figure><p>Seit 2001 steht der Musikverein 1921 Bernbach unter der musikalischen Leitung von <strong>Karsten Meier<\/strong>, seit 2003 leitet er auch die Jugendkapelle des MVB. Als Vizedirigenten stehen ihm Ralf Gei\u00df und Manfred Ifland zur Seite.<\/p><p>Karsten Meier ist Landesmusikdirektor des Hessischen Musikverbands und Soloklarinettist des Capitol Symphonie Orchesters Offenbach. Als Dirigent und Juror im Blasorchester sowie als Solist und Orchestermusiker im Profibereich z\u00e4hlt er zu den profilierten Musikern seines Fachs.<\/p>\t\t\t\t\t\t<\/div>\n\t\t\t\t<\/div>\n\t\t\t\t<div class=\"elementor-element elementor-element-cb41b82 elementor-hidden-mobile elementor-widget elementor-widget-text-editor\" data-id=\"cb41b82\" data-element_type=\"widget\" data-widget_type=\"text-editor.default\">\n\t\t\t\t<div class=\"elementor-widget-container\">\n\t\t\t\t\t\t\t<p>Sein Studium an der Folkwang Hochschule Essen, im Hauptfach bei Prof. Hans-Wilhelm Gutmann, schloss er mit k\u00fcnstlerischem Diplom ab und erg\u00e4nzte es durch den Studiengang Konzertexamen. Erste professionelle Engagements f\u00fchrten ihn ans G\u00fcrzenich Orchester K\u00f6ln, das Pfalztheater Kaiserslautern und das Folkwang-Kammerorchester. Von 1999 bis 2018 war er Soloklarinettist der Neuen Philharmonie Frankfurt, seit 2019 ist er in gleicher Position beim Capitol Symphonie Orchester t\u00e4tig.<\/p><p>Solokonzerte f\u00fchrten ihn in H\u00e4user wie das Gewandhaus Leipzig, die Alte Oper Frankfurt oder den Herkulessaal der M\u00fcnchner Residenz. Als Solist und Orchestermusiker trat er in zahlreichen bedeutenden Konzerth\u00e4usern mit K\u00fcnstlerinnen und K\u00fcnstlern wie Peter Ustinov, David Garrett, Jose Carreras oder Herbert Feuerstein auf. Dabei wirkte er an diversen CD- und DVD-Produktionen f\u00fcr den internationalen Markt mit. Kammermusikalische T\u00e4tigkeit, insbesondere mit dem Trio Askab\u00e9, runden sein instrumentales Wirken ab.<\/p><p>Seit 2000 ist Karsten Meier Dirigent mehrerer Blasorchester. Aktuell dirigiert er die Musikvereine 1921 Bernbach und Concordia Michelbach. 2017 war er ma\u00dfgeblich an der Gr\u00fcndung des Sinfonischen Blasorchesters Hessen beteiligt, dessen musikalische und k\u00fcnstlerische Leitung er seitdem innehat. Er besuchte Dirigierkurse u.a. bei Jan Cober und Pierre Kuijpers und betreibt private Dirigierstudien bei Steven Lloyd-Gonzalez. Als Dozent und Gastdirigent ist er bei unterschiedlichen Orchestern und Projekten beteiligt.<\/p><p>Karsten Meier ist seit 2004 als Juror in der Bundesvereinigung Deutscher Musikverb\u00e4nde (BDMV) bei nationalen Wertungsspielen und Wettbewerben t\u00e4tig. Seit 2004 ist er Landesmusikdirektor im Hessischen Musikverband. Er ist Mitglied im Bundesfachausschuss und seit 2013 der Literaturkommission des BDMV. 2019 wurde er in der BDMV zum stellvertretenden Bundesmusikdirektor Blasmusik gew\u00e4hlt. Im Mai 2016 wurde Karsten Meier zudem mit dem Ehrenbrief des Landes Hessen ausgezeichnet.<\/p>\t\t\t\t\t\t<\/div>\n\t\t\t\t<\/div>\n\t\t\t\t<div class=\"elementor-element elementor-element-da7104e elementor-widget elementor-widget-text-editor\" data-id=\"da7104e\" data-element_type=\"widget\" data-widget_type=\"text-editor.default\">\n\t\t\t\t<div class=\"elementor-widget-container\">\n\t\t\t\t\t\t\t<hr \/><p>Unser Jugendorchester steht unter der bew\u00e4hrten Leitung von <strong>Birgit Aul<\/strong>.<img decoding=\"async\" loading=\"lazy\" class=\"size-medium wp-image-2507 alignright\" src=\"http:\/\/www.mv-bernbach.de\/wordpress\/wp-content\/uploads\/PSX_20230402_163424-e1682524678122-179x300.jpg\" alt=\"\" width=\"179\" height=\"300\" srcset=\"https:\/\/www.mv-bernbach.de\/wordpress\/wp-content\/uploads\/PSX_20230402_163424-e1682524678122-179x300.jpg 179w, https:\/\/www.mv-bernbach.de\/wordpress\/wp-content\/uploads\/PSX_20230402_163424-e1682524678122-612x1024.jpg 612w, https:\/\/www.mv-bernbach.de\/wordpress\/wp-content\/uploads\/PSX_20230402_163424-e1682524678122.jpg 675w\" sizes=\"(max-width: 179px) 100vw, 179px\" \/><\/p><p>Birgit (geb. 1967) erlernte 1982 beim Musikverein 1921 Bernbach Fl\u00f6te und Piccolo und ist seitdem im Verein aktiv. 1989 legte sie beim BDBV (Bund Deutscher Blasmusikverb\u00e4nde) die Dirigentenpr\u00fcfung C3 ab. Seitdem ist sie als Vize- und Jugenddirigentin sowie in der Jugendausbildung beim Musikverein 1921 Bernbach t\u00e4tig.<\/p><hr \/><p>Die bisherigen Dirigenten des Musikvereins 1921 Bernbach in chronologischer \u00dcbersicht:<\/p><table><colgroup> <col width=\"20%\" \/> <col width=\"30%\" \/> <col width=\"20%\" \/> <col width=\"30%\" \/><\/colgroup><tbody><tr><td>1922-1923<\/td><td>Franz Kreis<\/td><td>1957<\/td><td>Willi Einsch\u00fctz<\/td><\/tr><tr><td>1924-1925<\/td><td>Wilhelm Spielmann<\/td><td>1957-1963<\/td><td>Dr. Edmund L\u00f6ffler<\/td><\/tr><tr><td>1925-1926<\/td><td>Willi Trageser I<\/td><td>1963-1966<\/td><td>Friedel Moritz<\/td><\/tr><tr><td>1927-1939<\/td><td>Wilhelm Spielmann<\/td><td>1966<\/td><td>Anton Prantl<\/td><\/tr><tr><td>1946-1951<\/td><td>Willi Trageser I<\/td><td>1966-1981<\/td><td>Emil Hetzer<\/td><\/tr><tr><td>1951-1952<\/td><td>Josef Partsch<\/td><td>1981-2001<\/td><td>Manfred Ifland<\/td><\/tr><tr><td>1952<\/td><td>Willi Einsch\u00fctz<\/td><td>seit 2001<\/td><td>Karsten Meier<\/td><\/tr><tr><td>1953-1956<\/td><td>Heinrich Crost<\/td><td>\u00a0<\/td><td>\u00a0<\/td><\/tr><\/tbody><\/table>\t\t\t\t\t\t<\/div>\n\t\t\t\t<\/div>\n\t\t\t\t\t<\/div>\n\t\t<\/div>\n\t\t\t\t\t\t\t<\/div>\n\t\t<\/section>\n\t\t<div class=\"elementor-element elementor-element-06003cd e-con-boxed e-con\" data-id=\"06003cd\" data-element_type=\"container\" data-settings=\"{&quot;background_background&quot;:&quot;classic&quot;,&quot;content_width&quot;:&quot;boxed&quot;}\">\n\t\t\t\t\t<div class=\"e-con-inner\">\n\t\t\t\t\t<\/div>\n\t\t\t\t<\/div>\n\t\t<div class=\"elementor-element elementor-element-67dca1a5 e-con-boxed e-con\" data-id=\"67dca1a5\" data-element_type=\"container\" data-settings=\"{&quot;content_width&quot;:&quot;boxed&quot;}\">\n\t\t\t\t\t<div class=\"e-con-inner\">\n\t\t\t\t<div class=\"elementor-element elementor-element-498b12de elementor-shape-rounded elementor-grid-0 e-grid-align-center elementor-widget elementor-widget-social-icons\" data-id=\"498b12de\" data-element_type=\"widget\" data-widget_type=\"social-icons.default\">\n\t\t\t\t<div class=\"elementor-widget-container\">\n\t\t\t<style>\/*! elementor - v3.9.2 - 21-12-2022 *\/\n.elementor-widget-social-icons.elementor-grid-0 .elementor-widget-container,.elementor-widget-social-icons.elementor-grid-mobile-0 .elementor-widget-container,.elementor-widget-social-icons.elementor-grid-tablet-0 .elementor-widget-container{line-height:1;font-size:0}.elementor-widget-social-icons:not(.elementor-grid-0):not(.elementor-grid-tablet-0):not(.elementor-grid-mobile-0) .elementor-grid{display:inline-grid}.elementor-widget-social-icons .elementor-grid{grid-column-gap:var(--grid-column-gap,5px);grid-row-gap:var(--grid-row-gap,5px);grid-template-columns:var(--grid-template-columns);justify-content:var(--justify-content,center);justify-items:var(--justify-content,center)}.elementor-icon.elementor-social-icon{font-size:var(--icon-size,25px);line-height:var(--icon-size,25px);width:calc(var(--icon-size, 25px) + (2 * var(--icon-padding, .5em)));height:calc(var(--icon-size, 25px) + (2 * var(--icon-padding, .5em)))}.elementor-social-icon{--e-social-icon-icon-color:#fff;display:inline-flex;background-color:#818a91;align-items:center;justify-content:center;text-align:center;cursor:pointer}.elementor-social-icon i{color:var(--e-social-icon-icon-color)}.elementor-social-icon svg{fill:var(--e-social-icon-icon-color)}.elementor-social-icon:last-child{margin:0}.elementor-social-icon:hover{opacity:.9;color:#fff}.elementor-social-icon-android{background-color:#a4c639}.elementor-social-icon-apple{background-color:#999}.elementor-social-icon-behance{background-color:#1769ff}.elementor-social-icon-bitbucket{background-color:#205081}.elementor-social-icon-codepen{background-color:#000}.elementor-social-icon-delicious{background-color:#39f}.elementor-social-icon-deviantart{background-color:#05cc47}.elementor-social-icon-digg{background-color:#005be2}.elementor-social-icon-dribbble{background-color:#ea4c89}.elementor-social-icon-elementor{background-color:#d30c5c}.elementor-social-icon-envelope{background-color:#ea4335}.elementor-social-icon-facebook,.elementor-social-icon-facebook-f{background-color:#3b5998}.elementor-social-icon-flickr{background-color:#0063dc}.elementor-social-icon-foursquare{background-color:#2d5be3}.elementor-social-icon-free-code-camp,.elementor-social-icon-freecodecamp{background-color:#006400}.elementor-social-icon-github{background-color:#333}.elementor-social-icon-gitlab{background-color:#e24329}.elementor-social-icon-globe{background-color:#818a91}.elementor-social-icon-google-plus,.elementor-social-icon-google-plus-g{background-color:#dd4b39}.elementor-social-icon-houzz{background-color:#7ac142}.elementor-social-icon-instagram{background-color:#262626}.elementor-social-icon-jsfiddle{background-color:#487aa2}.elementor-social-icon-link{background-color:#818a91}.elementor-social-icon-linkedin,.elementor-social-icon-linkedin-in{background-color:#0077b5}.elementor-social-icon-medium{background-color:#00ab6b}.elementor-social-icon-meetup{background-color:#ec1c40}.elementor-social-icon-mixcloud{background-color:#273a4b}.elementor-social-icon-odnoklassniki{background-color:#f4731c}.elementor-social-icon-pinterest{background-color:#bd081c}.elementor-social-icon-product-hunt{background-color:#da552f}.elementor-social-icon-reddit{background-color:#ff4500}.elementor-social-icon-rss{background-color:#f26522}.elementor-social-icon-shopping-cart{background-color:#4caf50}.elementor-social-icon-skype{background-color:#00aff0}.elementor-social-icon-slideshare{background-color:#0077b5}.elementor-social-icon-snapchat{background-color:#fffc00}.elementor-social-icon-soundcloud{background-color:#f80}.elementor-social-icon-spotify{background-color:#2ebd59}.elementor-social-icon-stack-overflow{background-color:#fe7a15}.elementor-social-icon-steam{background-color:#00adee}.elementor-social-icon-stumbleupon{background-color:#eb4924}.elementor-social-icon-telegram{background-color:#2ca5e0}.elementor-social-icon-thumb-tack{background-color:#1aa1d8}.elementor-social-icon-tripadvisor{background-color:#589442}.elementor-social-icon-tumblr{background-color:#35465c}.elementor-social-icon-twitch{background-color:#6441a5}.elementor-social-icon-twitter{background-color:#1da1f2}.elementor-social-icon-viber{background-color:#665cac}.elementor-social-icon-vimeo{background-color:#1ab7ea}.elementor-social-icon-vk{background-color:#45668e}.elementor-social-icon-weibo{background-color:#dd2430}.elementor-social-icon-weixin{background-color:#31a918}.elementor-social-icon-whatsapp{background-color:#25d366}.elementor-social-icon-wordpress{background-color:#21759b}.elementor-social-icon-xing{background-color:#026466}.elementor-social-icon-yelp{background-color:#af0606}.elementor-social-icon-youtube{background-color:#cd201f}.elementor-social-icon-500px{background-color:#0099e5}.elementor-shape-rounded .elementor-icon.elementor-social-icon{border-radius:10%}.elementor-shape-circle .elementor-icon.elementor-social-icon{border-radius:50%}<\/style>\t\t<div class=\"elementor-social-icons-wrapper elementor-grid\">\n\t\t\t\t\t\t\t<span class=\"elementor-grid-item\">\n\t\t\t\t\t<a class=\"elementor-icon elementor-social-icon elementor-social-icon-facebook elementor-repeater-item-d9916f0\" href=\"https:\/\/www.facebook.com\/MusikvereinBernbach\" target=\"_blank\">\n\t\t\t\t\t\t<span class=\"elementor-screen-only\">Facebook<\/span>\n\t\t\t\t\t\t<i class=\"fab fa-facebook\"><\/i>\t\t\t\t\t<\/a>\n\t\t\t\t<\/span>\n\t\t\t\t\t\t\t<span class=\"elementor-grid-item\">\n\t\t\t\t\t<a class=\"elementor-icon elementor-social-icon elementor-social-icon-instagram elementor-repeater-item-7a11dad\" href=\"http:\/\/instagram.com\/Musikverein1921Bernbach\" target=\"_blank\">\n\t\t\t\t\t\t<span class=\"elementor-screen-only\">Instagram<\/span>\n\t\t\t\t\t\t<i class=\"fab fa-instagram\"><\/i>\t\t\t\t\t<\/a>\n\t\t\t\t<\/span>\n\t\t\t\t\t<\/div>\n\t\t\t\t<\/div>\n\t\t\t\t<\/div>\n\t\t\t\t<div class=\"elementor-element elementor-element-655c303a elementor-widget elementor-widget-text-editor\" data-id=\"655c303a\" data-element_type=\"widget\" data-widget_type=\"text-editor.default\">\n\t\t\t\t<div class=\"elementor-widget-container\">\n\t\t\t\t\t\t\t<p><strong>Musikverein 1921 Bernbach e.V.<\/strong><br><a style=\"color: #ffffff;\" href=\"http:\/\/www.mv-bernbach.de\/wordpress\/kontakt\/impressum\/\">Impressum\/Datenschutz<\/a><\/p>\t\t\t\t\t\t<\/div>\n\t\t\t\t<\/div>\n\t\t\t\t\t<\/div>\n\t\t\t\t<\/div>\n\t\t\t\t\t\t\t<\/div>\n\t\t","protected":false},"excerpt":{"rendered":"<p>Dirigenten Seit 2001 steht der Musikverein 1921 Bernbach unter der musikalischen Leitung von Karsten Meier, seit 2003 leitet er auch die Jugendkapelle des MVB. Als Vizedirigenten stehen ihm Ralf Gei\u00df und Manfred Ifland zur Seite. Karsten Meier ist Landesmusikdirektor des Hessischen Musikverbands und Soloklarinettist des Capitol Symphonie Orchesters Offenbach. Als Dirigent und Juror im Blasorchester [&hellip;]<\/p>\n","protected":false},"author":1,"featured_media":0,"parent":13,"menu_order":3,"comment_status":"closed","ping_status":"closed","template":"","meta":{"ngg_post_thumbnail":0},"_links":{"self":[{"href":"https:\/\/www.mv-bernbach.de\/wordpress\/wp-json\/wp\/v2\/pages\/19"}],"collection":[{"href":"https:\/\/www.mv-bernbach.de\/wordpress\/wp-json\/wp\/v2\/pages"}],"about":[{"href":"https:\/\/www.mv-bernbach.de\/wordpress\/wp-json\/wp\/v2\/types\/page"}],"author":[{"embeddable":true,"href":"https:\/\/www.mv-bernbach.de\/wordpress\/wp-json\/wp\/v2\/users\/1"}],"replies":[{"embeddable":true,"href":"https:\/\/www.mv-bernbach.de\/wordpress\/wp-json\/wp\/v2\/comments?post=19"}],"version-history":[{"count":71,"href":"https:\/\/www.mv-bernbach.de\/wordpress\/wp-json\/wp\/v2\/pages\/19\/revisions"}],"predecessor-version":[{"id":2776,"href":"https:\/\/www.mv-bernbach.de\/wordpress\/wp-json\/wp\/v2\/pages\/19\/revisions\/2776"}],"up":[{"embeddable":true,"href":"https:\/\/www.mv-bernbach.de\/wordpress\/wp-json\/wp\/v2\/pages\/13"}],"wp:attachment":[{"href":"https:\/\/www.mv-bernbach.de\/wordpress\/wp-json\/wp\/v2\/media?parent=19"}],"curies":[{"name":"wp","href":"https:\/\/api.w.org\/{rel}","templated":true}]}}